{"id":8,"date":"2017-06-10T08:24:41","date_gmt":"2017-06-10T08:24:41","guid":{"rendered":"http:\/\/xtratheme.comfast-food\/?page_id=6"},"modified":"2020-11-16T22:21:19","modified_gmt":"2020-11-16T22:21:19","slug":"o-nama","status":"publish","type":"page","link":"https:\/\/graniplus.hr\/?page_id=8","title":{"rendered":"O nama"},"content":{"rendered":"<div class=\"wpb-content-wrapper\"><p>[vc_row][vc_column width=&#8221;1\/2&#8243;]<div class=\"cz_gap clr  hide_on_mobile\" style=\"height: 20px\"><\/div><div class=\"cz_gap show_on_mobile clr\" style=\"height: 1px\"><\/div><div id=\"cz_101463\" class=\"cz_101463 cz_title clr cz_mobile_text_center cz_title_ba_line cz_title_pos_inline\"><div class=\"cz_title_content\"><div class=\"cz_wpe_content\"><h3><span style=\"font-size: 32px;\">O nama &#8211; GRANI PLUS<br \/>\n<\/span><\/h3>\n<\/div><div class=\"cz_title_line cz_line_after_title\"><span>_<\/span><\/div><\/div><\/div><div class=\"cz_gap clr \" style=\"height: 20px\"><\/div>[vc_column_text]Tvrtka Grani plus d.o.o. osnovana je 2010. godine.Na\u0161e poslovanje temelji se na besplatnom ustupanju strojeva za slushy \/ granitu i\u00a0 distribuciju pripravaka za granitu \/ slushy.<\/p>\n<p>Ustupamo strojeve marke Bras,te distribuiramo kvalitetne pripravke tvrtke Venetagranulati,tako\u0111er iz Italjie.<\/p>\n<h3>NA\u0160 POSAO<\/h3>\n<p>Kvalitetu na\u0161ih proizvoda i usluga kombiniramo brzinom i to\u010dno\u0161\u0107u za potrebe svih na\u0161ih kupaca i partnera.<\/p>\n<p>Dostupni smo 24 sata na dan,7 dana u tjednu,te nudimo najbolji omjer cijene i kvalitete.[\/vc_column_text][\/vc_column][vc_column width=&#8221;1\/2&#8243;]<div id=\"cz_45244\" data-position=\"top-right\" class=\"cz_45244 cz_image clr cz_image_no_fx center_on_mobile\"><div class=\"\" ><div class=\"cz_image_in\" data-tilt><div class=\"cz_main_image\"><img fetchpriority=\"high\" loading=\"eager\" decoding=\"sync\" data-no-lazy=\"1\" width=\"800\" height=\"500\" src=\"https:\/\/graniplus.hr\/wp-content\/uploads\/2020\/11\/slika-onama.jpg\" class=\"attachment-full\" alt=\"Slika onama\" title=\"slika-onama\" srcset=\"https:\/\/graniplus.hr\/wp-content\/uploads\/2020\/11\/slika-onama.jpg 800w, https:\/\/graniplus.hr\/wp-content\/uploads\/2020\/11\/slika-onama-300x188.jpg 300w, https:\/\/graniplus.hr\/wp-content\/uploads\/2020\/11\/slika-onama-768x480.jpg 768w, https:\/\/graniplus.hr\/wp-content\/uploads\/2020\/11\/slika-onama-600x375.jpg 600w\" sizes=\"(max-width: 800px) 100vw, 800px\"  \/><\/div><\/div><\/div><\/div>[\/vc_column][\/vc_row][vc_row][vc_column]<div class=\"cz_gap clr \" style=\"height: 100px\"><\/div>[\/vc_column][\/vc_row][vc_row full_width=&#8221;stretch_row_content&#8221; el_class=&#8221;no_padding&#8221;][vc_column]<div class=\"cz_btn_block\"><div class=\"cz_30701_p\"><a id=\"cz_30701\" class=\"cz_30701 cz_btn cz_btn_txt_no_fx cz_btn_no_fx\" href=\"tel:+38598259386\"><span><i class=\"fa fa-volume-control-phone\"><\/i><strong>Kontaktirajte nas +385 98 25 93 86<\/strong><\/span><b class=\"cz_btn_onhover\"><i class=\"fa fa-volume-control-phone\"><\/i><strong>Kontaktirajte nas +385 98 25 93 86<\/strong><\/b><\/a><\/div><\/div>[\/vc_column][\/vc_row]<\/p>\n<\/div>","protected":false},"excerpt":{"rendered":"<p>Tvrtka Grani plus d.o.o. osnovana je 2010. godine.Na\u0161e poslovanje temelji se &#8230; <\/p>\n","protected":false},"author":1,"featured_media":0,"parent":0,"menu_order":0,"comment_status":"closed","ping_status":"closed","template":"","meta":{"footnotes":""},"class_list":["post-8","page","type-page","status-publish","hentry"],"_links":{"self":[{"href":"https:\/\/graniplus.hr\/index.php?rest_route=\/wp\/v2\/pages\/8","targetHints":{"allow":["GET"]}}],"collection":[{"href":"https:\/\/graniplus.hr\/index.php?rest_route=\/wp\/v2\/pages"}],"about":[{"href":"https:\/\/graniplus.hr\/index.php?rest_route=\/wp\/v2\/types\/page"}],"author":[{"embeddable":true,"href":"https:\/\/graniplus.hr\/index.php?rest_route=\/wp\/v2\/users\/1"}],"replies":[{"embeddable":true,"href":"https:\/\/graniplus.hr\/index.php?rest_route=%2Fwp%2Fv2%2Fcomments&post=8"}],"version-history":[{"count":0,"href":"https:\/\/graniplus.hr\/index.php?rest_route=\/wp\/v2\/pages\/8\/revisions"}],"wp:attachment":[{"href":"https:\/\/graniplus.hr\/index.php?rest_route=%2Fwp%2Fv2%2Fmedia&parent=8"}],"curies":[{"name":"wp","href":"https:\/\/api.w.org\/{rel}","templated":true}]}}